{"id":18,"date":"2022-09-21T07:32:16","date_gmt":"2022-09-21T07:32:16","guid":{"rendered":"https:\/\/demo.creativethemes.com\/blocksy\/wood\/?page_id=18"},"modified":"2024-05-24T14:43:58","modified_gmt":"2024-05-24T19:43:58","slug":"contact","status":"publish","type":"page","link":"https:\/\/americanroyalstone.com\/en\/contact\/","title":{"rendered":"Contact"},"content":{"rendered":"<div class=\"wp-block-stackable-columns alignfull stk-block-columns stk-block stk-d237c83 stk-block-background stk--has-background-overlay\" id=\"we-are-here\" data-block-id=\"d237c83\"><style>.stk-d237c83{background-color:#000000de !important;background-image:url(https:\/\/americanroyalstone.com\/wp-content\/uploads\/2024\/05\/American-Royal-Stone_Royal-Verde-01.jpg) !important;padding-top:150px !important;padding-bottom:50px !important;margin-bottom:0px !important}.stk-d237c83:before{background-color:#000000de !important;opacity:0.5 !important}@media screen and (max-width:1023px){.stk-d237c83{padding-top:150px !important;padding-bottom:100px !important}}<\/style><div class=\"stk-row stk-inner-blocks stk-block-content stk-content-align stk-d237c83-column\">\n<div class=\"wp-block-stackable-column stk-block-column stk-column stk-block stk-ef9835c\" data-v=\"4\" data-block-id=\"ef9835c\"><style>.stk-ef9835c-container{margin-top:0px !important;margin-right:0px !important;margin-bottom:0px !important;margin-left:0px !important}.stk-ef9835c{max-width:700px !important;margin-right:auto !important;margin-left:auto !important}<\/style><div class=\"stk-column-wrapper stk-block-column__content stk-container stk-ef9835c-container stk--no-background stk--no-padding\"><div class=\"stk-block-content stk-inner-blocks stk-ef9835c-inner-blocks\">\n<div class=\"wp-block-stackable-heading stk-block-heading stk-block-heading--v2 stk-block stk-f9787f4\" id=\"contacta-con-nuestros-profesionales\" data-block-id=\"f9787f4\"><style>.stk-f9787f4{margin-top:100px !important}.stk-f9787f4 .stk-block-heading__text{font-size:50px !important;color:var(--theme-palette-color-8,#ffffff) !important}@media screen and (max-width:1023px){.stk-f9787f4 .stk-block-heading__text{font-size:35px !important}}@media screen and (max-width:767px){.stk-f9787f4 .stk-block-heading__text{font-size:30px !important}}<\/style><h2 class=\"stk-block-heading__text has-text-color has-text-align-center stk-block-heading--use-theme-margins\">Contact Our Professionals<\/h2><\/div>\n<\/div><\/div><\/div>\n<\/div><\/div>\n\n\n\n<div class=\"wp-block-stackable-spacer stk-block-spacer stk--no-padding stk-block stk-1e1239f\" id=\"we-are-here\" data-block-id=\"1e1239f\"><style>.stk-1e1239f{height:50px !important}@media screen and (max-width:1023px){.stk-1e1239f{height:80px !important}}@media screen and (max-width:767px){.stk-1e1239f{height:60px !important}}<\/style><\/div>\n\n\n\n<div class=\"wp-block-stackable-columns stk-block-columns stk-block stk-93db06a\" data-block-id=\"93db06a\"><div class=\"stk-row stk-inner-blocks stk-block-content stk-content-align stk-93db06a-column\">\n<div class=\"wp-block-stackable-column stk-block-column stk-column stk-block stk-612bf50\" data-v=\"4\" data-block-id=\"612bf50\"><div class=\"stk-column-wrapper stk-block-column__content stk-container stk-612bf50-container stk--no-background stk--no-padding\"><div class=\"stk-block-content stk-inner-blocks stk-612bf50-inner-blocks\">\n<div class=\"wp-block-stackable-image stk-block-image stk-block stk-39e872f\" data-block-id=\"39e872f\"><style>.stk-39e872f .stk-img-wrapper{width:50% !important}<\/style><figure><span class=\"stk-img-wrapper stk-image--shape-stretch\"><img loading=\"lazy\" decoding=\"async\" class=\"stk-img wp-image-3622\" src=\"https:\/\/americanroyalstone.com\/wp-content\/uploads\/2024\/05\/IconosNegros_Carta.png\" width=\"800\" height=\"800\" srcset=\"https:\/\/americanroyalstone.com\/wp-content\/uploads\/2024\/05\/IconosNegros_Carta.png 800w, https:\/\/americanroyalstone.com\/wp-content\/uploads\/2024\/05\/IconosNegros_Carta-300x300.png 300w, https:\/\/americanroyalstone.com\/wp-content\/uploads\/2024\/05\/IconosNegros_Carta-150x150.png 150w, https:\/\/americanroyalstone.com\/wp-content\/uploads\/2024\/05\/IconosNegros_Carta-768x768.png 768w\" sizes=\"auto, (max-width: 800px) 100vw, 800px\" \/><\/span><\/figure><\/div>\n\n\n\n<div class=\"wp-block-stackable-heading stk-block-heading stk-block-heading--v2 stk-block stk-886c1a9\" id=\"correo-electronico\" data-block-id=\"886c1a9\"><style>.stk-886c1a9{margin-bottom:0px !important}<\/style><h3 class=\"stk-block-heading__text has-text-align-center\">Correo Electr\u00f3nico<\/h3><\/div>\n\n\n\n<div class=\"wp-block-stackable-text stk-block-text stk-block stk-472f067\" data-block-id=\"472f067\"><style>.stk-472f067 .stk-block-text__text{color:var(--theme-palette-color-4,#ffffff) !important}<\/style><p class=\"stk-block-text__text has-text-color has-text-align-center\">info@santacolomastudio.com<\/p><\/div>\n<\/div><\/div><\/div>\n\n\n\n<div class=\"wp-block-stackable-column stk-block-column stk-column stk-block stk-7ccfae1\" data-v=\"4\" data-block-id=\"7ccfae1\"><div class=\"stk-column-wrapper stk-block-column__content stk-container stk-7ccfae1-container stk--no-background stk--no-padding\"><div class=\"stk-block-content stk-inner-blocks stk-7ccfae1-inner-blocks\">\n<div class=\"wp-block-stackable-image stk-block-image stk-block stk-d43267e\" data-block-id=\"d43267e\"><style>.stk-d43267e .stk-img-wrapper{width:50% !important}<\/style><figure><span class=\"stk-img-wrapper stk-image--shape-stretch\"><img loading=\"lazy\" decoding=\"async\" class=\"stk-img wp-image-3624\" src=\"https:\/\/americanroyalstone.com\/wp-content\/uploads\/2024\/05\/IconosNegros_Telefono.png\" width=\"800\" height=\"800\" srcset=\"https:\/\/americanroyalstone.com\/wp-content\/uploads\/2024\/05\/IconosNegros_Telefono.png 800w, https:\/\/americanroyalstone.com\/wp-content\/uploads\/2024\/05\/IconosNegros_Telefono-300x300.png 300w, https:\/\/americanroyalstone.com\/wp-content\/uploads\/2024\/05\/IconosNegros_Telefono-150x150.png 150w, https:\/\/americanroyalstone.com\/wp-content\/uploads\/2024\/05\/IconosNegros_Telefono-768x768.png 768w\" sizes=\"auto, (max-width: 800px) 100vw, 800px\" \/><\/span><\/figure><\/div>\n\n\n\n<div class=\"wp-block-stackable-heading stk-block-heading stk-block-heading--v2 stk-block stk-11788b4\" id=\"telefonos\" data-block-id=\"11788b4\"><style>.stk-11788b4{margin-bottom:0px !important}<\/style><h3 class=\"stk-block-heading__text has-text-align-center\">Tel\u00e9fonos<\/h3><\/div>\n\n\n\n<div class=\"wp-block-stackable-text stk-block-text stk-block stk-c11d81b\" data-block-id=\"c11d81b\"><style>.stk-c11d81b .stk-block-text__text{color:var(--theme-palette-color-4,#ffffff) !important}<\/style><p class=\"stk-block-text__text has-text-color has-text-align-center\">+57 318 7169329<br>+57 317 3316326<br>+57 317 3316327<\/p><\/div>\n<\/div><\/div><\/div>\n\n\n\n<div class=\"wp-block-stackable-column stk-block-column stk-column stk-block stk-8282344\" data-v=\"4\" data-block-id=\"8282344\"><div class=\"stk-column-wrapper stk-block-column__content stk-container stk-8282344-container stk--no-background stk--no-padding\"><div class=\"stk-block-content stk-inner-blocks stk-8282344-inner-blocks\">\n<div class=\"wp-block-stackable-image stk-block-image stk-block stk-4dca546\" data-block-id=\"4dca546\"><style>.stk-4dca546 .stk-img-wrapper{width:50% !important}<\/style><figure><span class=\"stk-img-wrapper stk-image--shape-stretch\"><img loading=\"lazy\" decoding=\"async\" class=\"stk-img wp-image-3623\" src=\"https:\/\/americanroyalstone.com\/wp-content\/uploads\/2024\/05\/IconosNegros_Home.png\" width=\"800\" height=\"800\" srcset=\"https:\/\/americanroyalstone.com\/wp-content\/uploads\/2024\/05\/IconosNegros_Home.png 800w, https:\/\/americanroyalstone.com\/wp-content\/uploads\/2024\/05\/IconosNegros_Home-300x300.png 300w, https:\/\/americanroyalstone.com\/wp-content\/uploads\/2024\/05\/IconosNegros_Home-150x150.png 150w, https:\/\/americanroyalstone.com\/wp-content\/uploads\/2024\/05\/IconosNegros_Home-768x768.png 768w\" sizes=\"auto, (max-width: 800px) 100vw, 800px\" \/><\/span><\/figure><\/div>\n\n\n\n<div class=\"wp-block-stackable-heading stk-block-heading stk-block-heading--v2 stk-block stk-1edd3d2\" id=\"direccion\" data-block-id=\"1edd3d2\"><style>.stk-1edd3d2{margin-bottom:0px !important}<\/style><h3 class=\"stk-block-heading__text has-text-align-center\">Direcci\u00f3n<\/h3><\/div>\n\n\n\n<div class=\"wp-block-stackable-text stk-block-text stk-block stk-940b76d\" data-block-id=\"940b76d\"><style>.stk-940b76d{margin-bottom:0px !important}.stk-940b76d .stk-block-text__text{color:var(--theme-palette-color-4,#ffffff) !important}<\/style><p class=\"stk-block-text__text has-text-color has-text-align-center\"><strong>Edificio Murano <br><\/strong> Cra. 43B #7 Sur-175<\/p><\/div>\n<\/div><\/div><\/div>\n<\/div><\/div>\n\n\n\n<div class=\"wp-block-stackable-spacer stk-block-spacer stk--no-padding stk-block stk-76a99bd\" id=\"we-are-here\" data-block-id=\"76a99bd\"><style>.stk-76a99bd{height:80px !important}@media screen and (max-width:1023px){.stk-76a99bd{height:80px !important}}@media screen and (max-width:767px){.stk-76a99bd{height:60px !important}}<\/style><\/div>","protected":false},"excerpt":{"rendered":"<p>Contacta con Nuestros Profesionales Correo Electr\u00f3nico info@santacolomastudio.com Tel\u00e9fonos +57 318 7169329+57 317 3316326+57 317 3316327 Direcci\u00f3n Edificio Murano Cra. 43B #7 Sur-175<\/p>","protected":false},"author":1,"featured_media":0,"parent":0,"menu_order":0,"comment_status":"closed","ping_status":"closed","template":"","meta":{"footnotes":""},"class_list":["post-18","page","type-page","status-publish","hentry"],"blocksy_meta":{"styles_descriptor":{"styles":{"desktop":"","tablet":"","mobile":""},"google_fonts":[],"version":6},"page_title_panel":"","has_hero_section":"disabled","3913fadc390ee6527e51861e182776ad":"","hero_section":"type-1","hero_elements":[{"id":"custom_title","enabled":true,"heading_tag":"h1","title":"Home"},{"id":"custom_description","enabled":true,"description_visibility":{"desktop":true,"tablet":true,"mobile":false}},{"id":"custom_meta","enabled":false,"meta_elements":[{"id":"author","enabled":true,"label":"By","has_author_avatar":"yes","avatar_size":25},{"id":"post_date","enabled":true,"label":"On","date_format_source":"default","date_format":"M j, Y"},{"id":"updated_date","enabled":false,"label":"On","date_format_source":"default","date_format":"M j, Y"},{"id":"categories","enabled":false,"label":"In","style":"simple"},{"id":"comments","enabled":true}],"page_meta_elements":{"joined":true,"articles_count":true,"comments":true}},{"id":"breadcrumbs","enabled":false}],"bac5ab5c3c8d64ee0f2308a6036602e3":"","hero_alignment1":"CT_CSS_SKIP_RULE","hero_margin":40,"hero_alignment2":"center","hero_vertical_alignment":"center","def6753f204b9bd97429ef6a56c910da":"","hero_structure":"narrow","1efdb5e36ff451dcd4a642727b0d8951":"","page_title_bg_type":"featured_image","custom_hero_background":{"attachment_id":null},"page_title_image_size":"full","parallax":{"desktop":false,"tablet":false,"mobile":false},"1eb0fc544eef435802b8f9e8ae11b5a5":"","hero_height":"250px","pageTitleFont":{"family":"Default","variation":"Default","size":"30px","line-height":"CT_CSS_SKIP_RULE","letter-spacing":"CT_CSS_SKIP_RULE","text-transform":"CT_CSS_SKIP_RULE","text-decoration":"CT_CSS_SKIP_RULE"},"pageTitleFontColor":{"default":{"color":"CT_CSS_SKIP_RULEDEFAULT"}},"pageMetaFont":{"family":"Default","variation":"n6","size":"12px","line-height":"1.3","letter-spacing":"CT_CSS_SKIP_RULE","text-transform":"uppercase","text-decoration":"CT_CSS_SKIP_RULE"},"pageMetaFontColor":{"default":{"color":"CT_CSS_SKIP_RULEDEFAULT"},"hover":{"color":"CT_CSS_SKIP_RULEDEFAULT"}},"page_meta_button_type_font_colors":{"default":{"color":"CT_CSS_SKIP_RULEDEFAULT"},"hover":{"color":"CT_CSS_SKIP_RULEDEFAULT"}},"page_meta_button_type_background_colors":{"default":{"color":"CT_CSS_SKIP_RULEDEFAULT"},"hover":{"color":"CT_CSS_SKIP_RULEDEFAULT"}},"pageExcerptFont":{"family":"Default","variation":"Default","size":"CT_CSS_SKIP_RULE","line-height":"CT_CSS_SKIP_RULE","letter-spacing":"CT_CSS_SKIP_RULE","text-transform":"CT_CSS_SKIP_RULE","text-decoration":"CT_CSS_SKIP_RULE"},"pageExcerptColor":{"default":{"color":"CT_CSS_SKIP_RULEDEFAULT"}},"breadcrumbsFont":{"family":"Default","variation":"Default","size":"CT_CSS_SKIP_RULE","line-height":"CT_CSS_SKIP_RULE","letter-spacing":"CT_CSS_SKIP_RULE","text-transform":"CT_CSS_SKIP_RULE","text-decoration":"CT_CSS_SKIP_RULE"},"breadcrumbsFontColor":{"default":{"color":"CT_CSS_SKIP_RULEDEFAULT"},"initial":{"color":"CT_CSS_SKIP_RULEDEFAULT"},"hover":{"color":"CT_CSS_SKIP_RULEDEFAULT"}},"pageTitleOverlay":{"background_type":"color","background_pattern":"type-1","background_image":{"attachment_id":null,"x":0,"y":0},"gradient":"linear-gradient(135deg,rgba(6,147,227,1) 0%,rgb(155,81,224) 100%)","background_repeat":"repeat","background_size":"auto","background_attachment":"scroll","patternColor":{"default":{"color":"#e5e7ea"}},"overlayColor":{"default":{"color":"CT_CSS_SKIP_RULE"}},"backgroundColor":{"default":{"color":"CT_CSS_SKIP_RULE"}}},"pageTitleBackground":{"background_type":"color","background_pattern":"type-1","background_image":{"attachment_id":null,"x":0,"y":0},"gradient":"linear-gradient(135deg,rgba(6,147,227,1) 0%,rgb(155,81,224) 100%)","background_repeat":"repeat","background_size":"auto","background_attachment":"scroll","patternColor":{"default":{"color":"#e5e7ea"}},"overlayColor":{"default":{"color":"CT_CSS_SKIP_RULE"}},"backgroundColor":{"default":{"color":"var(--theme-palette-color-6)"}}},"pageTitlePadding":{"top":"50px","bottom":"50px","left":"auto","right":"auto","linked":true},"ea3dd7bb5be8ff91a99a30bf94b8d637":"","page_structure_type":"default","f977c782dce10134c5067b0832d01f72":"","content_style_source":"inherit","content_style":"wide","vertical_spacing_source":"custom","content_area_spacing":"none","background":{"background_type":"color","background_pattern":"type-1","background_image":{"attachment_id":null,"x":0,"y":0},"gradient":"linear-gradient(135deg,rgba(6,147,227,1) 0%,rgb(155,81,224) 100%)","background_repeat":"repeat","background_size":"auto","background_attachment":"scroll","patternColor":{"default":{"color":"#e5e7ea"}},"overlayColor":{"default":{"color":"CT_CSS_SKIP_RULE"}},"backgroundColor":{"default":{"color":"CT_CSS_SKIP_RULE"}}},"content_background":{"background_type":"color","background_pattern":"type-1","background_image":{"attachment_id":null,"x":0,"y":0},"gradient":"linear-gradient(135deg,rgba(6,147,227,1) 0%,rgb(155,81,224) 100%)","background_repeat":"repeat","background_size":"auto","background_attachment":"scroll","patternColor":{"default":{"color":"#e5e7ea"}},"overlayColor":{"default":{"color":"CT_CSS_SKIP_RULE"}},"backgroundColor":{"default":{"color":"var(--theme-palette-color-8)"}}},"content_boxed_shadow":{"inherit":false,"blur":18,"spread":-6,"v_offset":12,"h_offset":0,"inset":false,"enable":true,"color":{"color":"rgba(34, 56, 101, 0.04)"}},"content_boxed_border":{"width":1,"style":"none","color":{"color":"rgba(44,62,80,0.2)"}},"content_boxed_radius":{"top":"3px","bottom":"3px","left":"3px","right":"3px","linked":true},"boxed_content_spacing":{"desktop":{"top":"40px","bottom":"40px","left":"40px","right":"40px","linked":true},"tablet":{"top":"35px","bottom":"35px","left":"35px","right":"35px","linked":true},"mobile":{"top":"20px","bottom":"20px","left":"20px","right":"20px","linked":true}},"9180b38ce7b21e3403085c3bdcb33ae5":"","disable_featured_image":"no","disable_share_box":"no","disable_header":"no","disable_footer":"no"},"_links":{"self":[{"href":"https:\/\/americanroyalstone.com\/en\/wp-json\/wp\/v2\/pages\/18","targetHints":{"allow":["GET"]}}],"collection":[{"href":"https:\/\/americanroyalstone.com\/en\/wp-json\/wp\/v2\/pages"}],"about":[{"href":"https:\/\/americanroyalstone.com\/en\/wp-json\/wp\/v2\/types\/page"}],"author":[{"embeddable":true,"href":"https:\/\/americanroyalstone.com\/en\/wp-json\/wp\/v2\/users\/1"}],"replies":[{"embeddable":true,"href":"https:\/\/americanroyalstone.com\/en\/wp-json\/wp\/v2\/comments?post=18"}],"version-history":[{"count":17,"href":"https:\/\/americanroyalstone.com\/en\/wp-json\/wp\/v2\/pages\/18\/revisions"}],"predecessor-version":[{"id":3783,"href":"https:\/\/americanroyalstone.com\/en\/wp-json\/wp\/v2\/pages\/18\/revisions\/3783"}],"wp:attachment":[{"href":"https:\/\/americanroyalstone.com\/en\/wp-json\/wp\/v2\/media?parent=18"}],"curies":[{"name":"wp","href":"https:\/\/api.w.org\/{rel}","templated":true}]}}